


{"id":10,"date":"2021-04-06T00:36:46","date_gmt":"2021-04-06T00:36:46","guid":{"rendered":"http:\/\/forexneuralnetwork.com\/?page_id=10"},"modified":"2026-04-17T09:04:24","modified_gmt":"2026-04-17T09:04:24","slug":"home","status":"publish","type":"page","link":"https:\/\/forexneuralnetwork.com\/","title":{"rendered":"Home"},"content":{"rendered":"\t\t<div data-elementor-type=\"wp-page\" data-elementor-id=\"10\" class=\"elementor elementor-10\">\n\t\t\t\t\t\t\t\t\t<section class=\"elementor-section elementor-top-section elementor-element elementor-element-f4a3471 elementor-section-boxed elementor-section-height-default elementor-section-height-default\" data-id=\"f4a3471\" data-element_type=\"section\">\n\t\t\t\t\t\t<div class=\"elementor-container elementor-column-gap-default\">\n\t\t\t\t\t<div class=\"elementor-column elementor-col-50 elementor-top-column elementor-element elementor-element-e0d3e10\" data-id=\"e0d3e10\" data-element_type=\"column\">\n\t\t\t<div class=\"elementor-widget-wrap elementor-element-populated\">\n\t\t\t\t\t\t\t\t<div class=\"elementor-element elementor-element-821ff9f elementor-aspect-ratio-169 elementor-widget elementor-widget-video\" data-id=\"821ff9f\" data-element_type=\"widget\" data-settings=\"{&quot;youtube_url&quot;:&quot;https:\\\/\\\/www.youtube.com\\\/watch?v=nNQuhVLK6DU&amp;t=35s&quot;,&quot;video_type&quot;:&quot;youtube&quot;,&quot;controls&quot;:&quot;yes&quot;,&quot;aspect_ratio&quot;:&quot;169&quot;}\" data-widget_type=\"video.default\">\n\t\t\t\t<div class=\"elementor-widget-container\">\n\t\t\t\t\t<div class=\"elementor-wrapper elementor-fit-aspect-ratio elementor-open-inline\">\n\t\t\t<div class=\"elementor-video\"><\/div>\t\t<\/div>\n\t\t\t\t<\/div>\n\t\t\t\t<\/div>\n\t\t\t\t\t<\/div>\n\t\t<\/div>\n\t\t\t\t<div class=\"elementor-column elementor-col-50 elementor-top-column elementor-element elementor-element-9fae291\" data-id=\"9fae291\" data-element_type=\"column\">\n\t\t\t<div class=\"elementor-widget-wrap elementor-element-populated\">\n\t\t\t\t\t\t\t\t<div class=\"elementor-element elementor-element-08228e9 elementor-aspect-ratio-169 elementor-widget elementor-widget-video\" data-id=\"08228e9\" data-element_type=\"widget\" data-settings=\"{&quot;youtube_url&quot;:&quot;https:\\\/\\\/www.youtube.com\\\/watch?v=HUiLklTl9jg&amp;t=10s&quot;,&quot;video_type&quot;:&quot;youtube&quot;,&quot;controls&quot;:&quot;yes&quot;,&quot;aspect_ratio&quot;:&quot;169&quot;}\" data-widget_type=\"video.default\">\n\t\t\t\t<div class=\"elementor-widget-container\">\n\t\t\t\t\t<div class=\"elementor-wrapper elementor-fit-aspect-ratio elementor-open-inline\">\n\t\t\t<div class=\"elementor-video\"><\/div>\t\t<\/div>\n\t\t\t\t<\/div>\n\t\t\t\t<\/div>\n\t\t\t\t\t<\/div>\n\t\t<\/div>\n\t\t\t\t\t\t\t<\/div>\n\t\t<\/section>\n\t\t\t\t<section class=\"elementor-section elementor-top-section elementor-element elementor-element-c12ec79 elementor-section-boxed elementor-section-height-default elementor-section-height-default\" data-id=\"c12ec79\" data-element_type=\"section\">\n\t\t\t\t\t\t<div class=\"elementor-container elementor-column-gap-default\">\n\t\t\t\t\t<div class=\"elementor-column elementor-col-50 elementor-top-column elementor-element elementor-element-131464b\" data-id=\"131464b\" data-element_type=\"column\">\n\t\t\t<div class=\"elementor-widget-wrap elementor-element-populated\">\n\t\t\t\t\t\t\t\t<div class=\"elementor-element elementor-element-e7a3743 elementor-aspect-ratio-169 elementor-widget elementor-widget-video\" data-id=\"e7a3743\" data-element_type=\"widget\" data-settings=\"{&quot;youtube_url&quot;:&quot;https:\\\/\\\/www.youtube.com\\\/watch?v=yHx-5ZOXqxw&quot;,&quot;video_type&quot;:&quot;youtube&quot;,&quot;controls&quot;:&quot;yes&quot;,&quot;aspect_ratio&quot;:&quot;169&quot;}\" data-widget_type=\"video.default\">\n\t\t\t\t<div class=\"elementor-widget-container\">\n\t\t\t\t\t<div class=\"elementor-wrapper elementor-fit-aspect-ratio elementor-open-inline\">\n\t\t\t<div class=\"elementor-video\"><\/div>\t\t<\/div>\n\t\t\t\t<\/div>\n\t\t\t\t<\/div>\n\t\t\t\t\t<\/div>\n\t\t<\/div>\n\t\t\t\t<div class=\"elementor-column elementor-col-50 elementor-top-column elementor-element elementor-element-0907ebb\" data-id=\"0907ebb\" data-element_type=\"column\">\n\t\t\t<div class=\"elementor-widget-wrap elementor-element-populated\">\n\t\t\t\t\t\t\t\t<div class=\"elementor-element elementor-element-2701fa7 elementor-aspect-ratio-169 elementor-widget elementor-widget-video\" data-id=\"2701fa7\" data-element_type=\"widget\" data-settings=\"{&quot;youtube_url&quot;:&quot;https:\\\/\\\/youtu.be\\\/-S1r9N-TLQw&quot;,&quot;video_type&quot;:&quot;youtube&quot;,&quot;controls&quot;:&quot;yes&quot;,&quot;aspect_ratio&quot;:&quot;169&quot;}\" data-widget_type=\"video.default\">\n\t\t\t\t<div class=\"elementor-widget-container\">\n\t\t\t\t\t<div class=\"elementor-wrapper elementor-fit-aspect-ratio elementor-open-inline\">\n\t\t\t<div class=\"elementor-video\"><\/div>\t\t<\/div>\n\t\t\t\t<\/div>\n\t\t\t\t<\/div>\n\t\t\t\t\t<\/div>\n\t\t<\/div>\n\t\t\t\t\t\t\t<\/div>\n\t\t<\/section>\n\t\t\t\t<section class=\"elementor-section elementor-top-section elementor-element elementor-element-760506d elementor-section-boxed elementor-section-height-default elementor-section-height-default\" data-id=\"760506d\" data-element_type=\"section\">\n\t\t\t\t\t\t<div class=\"elementor-container elementor-column-gap-default\">\n\t\t\t\t\t<div class=\"elementor-column elementor-col-50 elementor-top-column elementor-element elementor-element-ce3b289\" data-id=\"ce3b289\" data-element_type=\"column\">\n\t\t\t<div class=\"elementor-widget-wrap elementor-element-populated\">\n\t\t\t\t\t\t\t\t<div class=\"elementor-element elementor-element-b4474e6 elementor-aspect-ratio-169 elementor-widget elementor-widget-video\" data-id=\"b4474e6\" data-element_type=\"widget\" data-settings=\"{&quot;youtube_url&quot;:&quot;https:\\\/\\\/www.youtube.com\\\/watch?v=61jJT8EOUtY&quot;,&quot;video_type&quot;:&quot;youtube&quot;,&quot;controls&quot;:&quot;yes&quot;,&quot;aspect_ratio&quot;:&quot;169&quot;}\" data-widget_type=\"video.default\">\n\t\t\t\t<div class=\"elementor-widget-container\">\n\t\t\t\t\t<div class=\"elementor-wrapper elementor-fit-aspect-ratio elementor-open-inline\">\n\t\t\t<div class=\"elementor-video\"><\/div>\t\t<\/div>\n\t\t\t\t<\/div>\n\t\t\t\t<\/div>\n\t\t\t\t\t<\/div>\n\t\t<\/div>\n\t\t\t\t<div class=\"elementor-column elementor-col-50 elementor-top-column elementor-element elementor-element-4e19a9e\" data-id=\"4e19a9e\" data-element_type=\"column\">\n\t\t\t<div class=\"elementor-widget-wrap elementor-element-populated\">\n\t\t\t\t\t\t\t\t<div class=\"elementor-element elementor-element-69dc7cd elementor-aspect-ratio-169 elementor-widget elementor-widget-video\" data-id=\"69dc7cd\" data-element_type=\"widget\" data-settings=\"{&quot;youtube_url&quot;:&quot;https:\\\/\\\/www.youtube.com\\\/watch?v=iTfHOGVAlpo&amp;t=973s&quot;,&quot;video_type&quot;:&quot;youtube&quot;,&quot;controls&quot;:&quot;yes&quot;,&quot;aspect_ratio&quot;:&quot;169&quot;}\" data-widget_type=\"video.default\">\n\t\t\t\t<div class=\"elementor-widget-container\">\n\t\t\t\t\t<div class=\"elementor-wrapper elementor-fit-aspect-ratio elementor-open-inline\">\n\t\t\t<div class=\"elementor-video\"><\/div>\t\t<\/div>\n\t\t\t\t<\/div>\n\t\t\t\t<\/div>\n\t\t\t\t\t<\/div>\n\t\t<\/div>\n\t\t\t\t\t\t\t<\/div>\n\t\t<\/section>\n\t\t\t\t<section class=\"elementor-section elementor-top-section elementor-element elementor-element-d1fa28b elementor-section-boxed elementor-section-height-default elementor-section-height-default\" data-id=\"d1fa28b\" data-element_type=\"section\">\n\t\t\t\t\t\t<div class=\"elementor-container elementor-column-gap-default\">\n\t\t\t\t\t<div class=\"elementor-column elementor-col-50 elementor-top-column elementor-element elementor-element-1bf16f2\" data-id=\"1bf16f2\" data-element_type=\"column\">\n\t\t\t<div class=\"elementor-widget-wrap elementor-element-populated\">\n\t\t\t\t\t\t\t\t<div class=\"elementor-element elementor-element-0f6ed5f elementor-aspect-ratio-169 elementor-widget elementor-widget-video\" data-id=\"0f6ed5f\" data-element_type=\"widget\" data-settings=\"{&quot;youtube_url&quot;:&quot;https:\\\/\\\/www.youtube.com\\\/watch?v=ywdepw-8F2g&amp;t=117s&quot;,&quot;video_type&quot;:&quot;youtube&quot;,&quot;controls&quot;:&quot;yes&quot;,&quot;aspect_ratio&quot;:&quot;169&quot;}\" data-widget_type=\"video.default\">\n\t\t\t\t<div class=\"elementor-widget-container\">\n\t\t\t\t\t<div class=\"elementor-wrapper elementor-fit-aspect-ratio elementor-open-inline\">\n\t\t\t<div class=\"elementor-video\"><\/div>\t\t<\/div>\n\t\t\t\t<\/div>\n\t\t\t\t<\/div>\n\t\t\t\t\t<\/div>\n\t\t<\/div>\n\t\t\t\t<div class=\"elementor-column elementor-col-50 elementor-top-column elementor-element elementor-element-ec6b984\" data-id=\"ec6b984\" data-element_type=\"column\">\n\t\t\t<div class=\"elementor-widget-wrap elementor-element-populated\">\n\t\t\t\t\t\t\t\t<div class=\"elementor-element elementor-element-b0887e2 elementor-aspect-ratio-169 elementor-widget elementor-widget-video\" data-id=\"b0887e2\" data-element_type=\"widget\" data-settings=\"{&quot;youtube_url&quot;:&quot;https:\\\/\\\/www.youtube.com\\\/watch?v=OUbcVtpoOQw&amp;t=6s&quot;,&quot;video_type&quot;:&quot;youtube&quot;,&quot;controls&quot;:&quot;yes&quot;,&quot;aspect_ratio&quot;:&quot;169&quot;}\" data-widget_type=\"video.default\">\n\t\t\t\t<div class=\"elementor-widget-container\">\n\t\t\t\t\t<div class=\"elementor-wrapper elementor-fit-aspect-ratio elementor-open-inline\">\n\t\t\t<div class=\"elementor-video\"><\/div>\t\t<\/div>\n\t\t\t\t<\/div>\n\t\t\t\t<\/div>\n\t\t\t\t\t<\/div>\n\t\t<\/div>\n\t\t\t\t\t\t\t<\/div>\n\t\t<\/section>\n\t\t\t\t<section class=\"elementor-section elementor-top-section elementor-element elementor-element-d7be166 elementor-section-boxed elementor-section-height-default elementor-section-height-default\" data-id=\"d7be166\" data-element_type=\"section\">\n\t\t\t\t\t\t<div class=\"elementor-container elementor-column-gap-default\">\n\t\t\t\t\t<div class=\"elementor-column elementor-col-100 elementor-top-column elementor-element elementor-element-9e8c53d\" data-id=\"9e8c53d\" data-element_type=\"column\">\n\t\t\t<div class=\"elementor-widget-wrap elementor-element-populated\">\n\t\t\t\t\t\t\t\t<div class=\"elementor-element elementor-element-f98f300 elementor-widget elementor-widget-text-editor\" data-id=\"f98f300\" data-element_type=\"widget\" data-widget_type=\"text-editor.default\">\n\t\t\t\t<div class=\"elementor-widget-container\">\n\t\t\t\t\t\t\t<div style=\"position: absolute; left: -99999px;\">\n<h2>Portrait d&#8217;une Institution Culturelle Engag\u00e9e et Innovante<\/h2>\n<p>Au c\u0153ur de la Mayenne, la ville de Laval abrite une institution qui transcende la d\u00e9finition traditionnelle du mus\u00e9e : le ZOOM. Ce Centre de Culture Scientifique, Technique et Industrielle (CCSTI) est un v\u00e9ritable \u00e9cosyst\u00e8me o\u00f9 la science, l&#8217;\u00e9ducation et la communaut\u00e9 locale convergent. Sa mission fondamentale est de d\u00e9mystifier les savoirs scientifiques et techniques, de les rendre accessibles et pertinents pour tous, des plus jeunes aux plus \u00e2g\u00e9s. En 2020, une transformation significative a eu lieu lorsque le centre a abandonn\u00e9 son nom institutionnel pour adopter l&#8217;appellation plus directe et dynamique de &#8220;ZOOM&#8221;. Ce changement n&#8217;\u00e9tait pas purement cosm\u00e9tique ; il symbolise une volont\u00e9 d&#8217;engagement plus profond avec le public, une invitation \u00e0 regarder le monde de plus pr\u00e8s, avec curiosit\u00e9 et esprit critique. Fond\u00e9 en 1996 sous l&#8217;impulsion de personnalit\u00e9s visionnaires, ZOOM s&#8217;est d\u00e9velopp\u00e9 pour devenir un acteur culturel incontournable, solidement ancr\u00e9 dans son territoire tout en \u00e9tant connect\u00e9 aux plus grands r\u00e9seaux nationaux. Cette double identit\u00e9, \u00e0 la fois locale et nationale, est la cl\u00e9 de sa r\u00e9ussite et de sa capacit\u00e9 \u00e0 proposer une programmation riche et sans cesse renouvel\u00e9e. \u00c0 travers ce portrait d\u00e9taill\u00e9, nous explorerons l&#8217;histoire, la structure, les missions et l&#8217;impact de cette institution exemplaire.<\/p>\n<p>L&#8217;ambition de ZOOM \u00e9tait palpable d\u00e8s sa cr\u00e9ation. Le fait que son impulsion fondatrice vienne de Fran\u00e7ois d&#8217;Aubert, qui allait plus tard pr\u00e9sider la prestigieuse Cit\u00e9 des sciences et de l&#8217;industrie \u00e0 Paris, t\u00e9moigne d&#8217;une vision qui d\u00e9passait les simples fronti\u00e8res d\u00e9partementales. ZOOM n&#8217;a pas \u00e9t\u00e9 con\u00e7u comme une initiative isol\u00e9e, mais comme un maillon essentiel d&#8217;une politique nationale de diffusion des savoirs. Cette connexion est formalis\u00e9e par son adh\u00e9sion \u00e0 la charte des CCSTI et par l&#8217;obtention du label &#8220;Science, Culture, Innovation&#8221; du Minist\u00e8re de la Recherche. Ces reconnaissances lui conf\u00e8rent une l\u00e9gitimit\u00e9 et un acc\u00e8s privil\u00e9gi\u00e9 \u00e0 des ressources de premier plan, notamment des expositions itin\u00e9rantes de renomm\u00e9e nationale et des financements d\u00e9di\u00e9s. Loin d&#8217;\u00eatre une simple salle d&#8217;exposition, ZOOM est donc un service public de la connaissance, qui s&#8217;engage \u00e0 rendre la science vivante et interactive.<\/p>\n<p>La gouvernance et l&#8217;\u00e9quipe de ZOOM refl\u00e8tent cette ambition. L&#8217;association loi 1901 est pr\u00e9sid\u00e9e par Olivier Lenoir, directeur de l&#8217;\u00e9cole d&#8217;ing\u00e9nieurs ESIEA \u00e0 Laval, ce qui assure un lien direct et permanent avec le monde de l&#8217;enseignement sup\u00e9rieur et de l&#8217;innovation. Sous la direction de Julie Poirier, une \u00e9quipe d&#8217;une dizaine de professionnels passionn\u00e9s met en \u0153uvre la strat\u00e9gie du centre. La structure m\u00eame de cette \u00e9quipe est r\u00e9v\u00e9latrice de l&#8217;ADN de ZOOM. Au-del\u00e0 des fonctions classiques d&#8217;administration et de communication, le p\u00f4le m\u00e9diation est sp\u00e9cialis\u00e9 autour d&#8217;enjeux soci\u00e9taux majeurs : une r\u00e9f\u00e9rente &#8220;Femmes &#038; Sciences&#8221;, une r\u00e9f\u00e9rente &#8220;esprit critique&#8221;, une r\u00e9f\u00e9rente &#8220;inclusion et accessibilit\u00e9&#8221; et une charg\u00e9e de projets d\u00e9di\u00e9e aux &#8220;Ruralit\u00e9s&#8221;. Cette organisation montre que ZOOM utilise la culture scientifique comme un levier pour aborder des questions fondamentales de notre \u00e9poque, telles que l&#8217;\u00e9galit\u00e9 des genres, la lutte contre la d\u00e9sinformation et l&#8217;\u00e9quit\u00e9 territoriale.<\/p>\n<p>La mission de ZOOM se d\u00e9cline en plusieurs axes strat\u00e9giques qui guident son action quotidienne. Ces principes, issus de la charte nationale des CCSTI, forment le socle de son engagement.<\/p>\n<ul>\n<li><strong>Cr\u00e9er des ponts<\/strong> : Agir comme une interface entre les mondes de la recherche, de l&#8217;industrie, de l&#8217;\u00e9ducation et le grand public.<\/li>\n<li><strong>Diffuser le savoir<\/strong> : Assurer une circulation rigoureuse, accessible et engageante de l&#8217;information scientifique et technique.<\/li>\n<li><strong>Coordonner et valoriser<\/strong> : F\u00e9d\u00e9rer les initiatives locales, comme la F\u00eate de la Science, pour en d\u00e9multiplier l&#8217;impact sur le territoire.<\/li>\n<li><strong>Former les m\u00e9diateurs<\/strong> : Sensibiliser et former les acteurs \u00e9ducatifs et associatifs locaux aux techniques de la m\u00e9diation scientifique.<\/li>\n<li><strong>Innover dans les pratiques<\/strong> : Exp\u00e9rimenter et cr\u00e9er de nouveaux formats de rencontre entre la science et la soci\u00e9t\u00e9.<\/li>\n<li><strong>Assurer l&#8217;\u00e9quit\u00e9 territoriale<\/strong> : D\u00e9velopper des actions itin\u00e9rantes pour toucher les publics \u00e9loign\u00e9s de l&#8217;offre culturelle, en particulier en zones rurales.<\/li>\n<li><strong>S&#8217;ouvrir au monde<\/strong> : Participer \u00e0 des projets et des r\u00e9seaux \u00e0 l&#8217;\u00e9chelle europ\u00e9enne et internationale pour enrichir sa pratique.<\/li>\n<\/ul>\n<p>Situ\u00e9 dans le cadre prestigieux de l&#8217;ancien Mus\u00e9e des beaux-arts, un b\u00e2timent n\u00e9o-classique du XIXe si\u00e8cle, ZOOM b\u00e9n\u00e9ficie d&#8217;un espace d&#8217;exposition permanent de 250 m\u00b2, un atout unique dans la r\u00e9gion. Cet \u00e9crin historique, qui accueille deux \u00e0 trois grandes expositions par an, cr\u00e9e un dialogue fascinant entre patrimoine et modernit\u00e9, attirant plus de 30 000 visiteurs chaque ann\u00e9e. La politique tarifaire, avec des prix tr\u00e8s accessibles et une gratuit\u00e9 le premier dimanche de chaque mois, renforce sa mission de service public. Pour en savoir plus sur des institutions similaires et leur impact, vous pouvez <a href=\"https:\/\/casinosenlineamejor.com\/\">lire sur notre portail<\/a> des analyses approfondies. En conclusion, ZOOM de Laval est un mod\u00e8le d&#8217;institution culturelle du XXIe si\u00e8cle : engag\u00e9e, innovante, inclusive et profond\u00e9ment connect\u00e9e \u00e0 sa communaut\u00e9.<\/p>\n<\/div>\t\t\t\t\t\t<\/div>\n\t\t\t\t<\/div>\n\t\t\t\t\t<\/div>\n\t\t<\/div>\n\t\t\t\t\t\t\t<\/div>\n\t\t<\/section>\n\t\t\t\t\t\t\t<\/div>\n\t\t","protected":false},"excerpt":{"rendered":"<p>Joac\u0103 acum Chicken Road. \u0418\u0433\u0440\u0430\u0439\u0442\u0435 \u0432 Chicken Road \u0441\u0435\u0433\u0430. Start playing Chicken Road 2 today. Discover detailed Chicken Road 2 experiences. Read real Chicken Road 2 experiences. Join the action at the Chicken Run casino. Visit the Chicken Run casino online. Check out the top Chicken casino titles. Teste das originale Chicken Road Spiel von [&hellip;]<\/p>\n","protected":false},"author":1,"featured_media":0,"parent":0,"menu_order":0,"comment_status":"closed","ping_status":"open","template":"","meta":{"zakra_page_container_layout":"customizer","zakra_page_sidebar_layout":"customizer","zakra_remove_content_margin":false,"zakra_sidebar":"customizer","zakra_transparent_header":"customizer","zakra_logo":0,"zakra_main_header_style":"default","zakra_menu_item_color":"","zakra_menu_item_hover_color":"","zakra_menu_item_active_color":"","zakra_menu_active_style":"","zakra_page_header":true,"om_disable_all_campaigns":false,"telegram_tosend":false,"telegram_tosend_message":"","telegram_tosend_target":0,"_monsterinsights_skip_tracking":false,"_monsterinsights_sitenote_active":false,"_monsterinsights_sitenote_note":"","_monsterinsights_sitenote_category":0,"footnotes":""},"class_list":["post-10","page","type-page","status-publish","hentry"],"aioseo_notices":[],"_links":{"self":[{"href":"https:\/\/forexneuralnetwork.com\/index.php\/wp-json\/wp\/v2\/pages\/10","targetHints":{"allow":["GET"]}}],"collection":[{"href":"https:\/\/forexneuralnetwork.com\/index.php\/wp-json\/wp\/v2\/pages"}],"about":[{"href":"https:\/\/forexneuralnetwork.com\/index.php\/wp-json\/wp\/v2\/types\/page"}],"author":[{"embeddable":true,"href":"https:\/\/forexneuralnetwork.com\/index.php\/wp-json\/wp\/v2\/users\/1"}],"replies":[{"embeddable":true,"href":"https:\/\/forexneuralnetwork.com\/index.php\/wp-json\/wp\/v2\/comments?post=10"}],"version-history":[{"count":337,"href":"https:\/\/forexneuralnetwork.com\/index.php\/wp-json\/wp\/v2\/pages\/10\/revisions"}],"predecessor-version":[{"id":40513,"href":"https:\/\/forexneuralnetwork.com\/index.php\/wp-json\/wp\/v2\/pages\/10\/revisions\/40513"}],"wp:attachment":[{"href":"https:\/\/forexneuralnetwork.com\/index.php\/wp-json\/wp\/v2\/media?parent=10"}],"curies":[{"name":"wp","href":"https:\/\/api.w.org\/{rel}","templated":true}]}}